{"id":1370,"date":"2023-11-16T13:41:29","date_gmt":"2023-11-16T12:41:29","guid":{"rendered":"https:\/\/sssou.gellnerka.cz\/subdom\/sssou\/?page_id=1370"},"modified":"2025-05-25T10:04:00","modified_gmt":"2025-05-25T08:04:00","slug":"operacni-program-jan-amos-komensky-jak","status":"publish","type":"page","link":"https:\/\/sssou.gellnerka.cz\/subdom\/sssou\/operacni-program-jan-amos-komensky-jak\/","title":{"rendered":"Opera\u010dn\u00ed program Jan \u00c1mos Komensk\u00fd \u2013 JAK"},"content":{"rendered":"<p style=\"text-align: center;\"><img loading=\"lazy\" decoding=\"async\" class=\"alignnone wp-image-1371 size-full\" src=\"https:\/\/sssou.gellnerka.cz\/subdom\/sssou\/wp-content\/uploads\/2023\/11\/eumsmt.jpg\" alt=\"\" width=\"1390\" height=\"201\" srcset=\"https:\/\/sssou.gellnerka.cz\/subdom\/sssou\/wp-content\/uploads\/2023\/11\/eumsmt.jpg 1390w, https:\/\/sssou.gellnerka.cz\/subdom\/sssou\/wp-content\/uploads\/2023\/11\/eumsmt-300x43.jpg 300w, https:\/\/sssou.gellnerka.cz\/subdom\/sssou\/wp-content\/uploads\/2023\/11\/eumsmt-768x111.jpg 768w, https:\/\/sssou.gellnerka.cz\/subdom\/sssou\/wp-content\/uploads\/2023\/11\/eumsmt-1024x148.jpg 1024w\" sizes=\"auto, (max-width: 1390px) 100vw, 1390px\" \/><\/p>\n<p style=\"text-align: center;\">Na\u0161e \u0161kola realizuje projekt na podporu vzd\u011bl\u00e1v\u00e1n\u00ed student\u016f a pedagogick\u00fdch pracovn\u00edk\u016f \u0161koly \u2013 \u201ePodpora vzd\u011bl\u00e1v\u00e1n\u00ed na Gellnerce\u201c, reg. \u010d. CZ.02.02.XX\/00\/22_003\/0002231, podpo\u0159en\u00fd z v\u00fdzvy \u010d. 02_22_003 pro \u0160ablony, Opera\u010dn\u00ed program Jan Amos Komensk\u00fd.<\/p>\n<p style=\"text-align: center;\">Projekt je zam\u011b\u0159en na person\u00e1ln\u00ed podporu \u2013 karierov\u00fd poradce, vzd\u011bl\u00e1v\u00e1n\u00ed pedagogick\u00fdch pracovn\u00edk\u016f, inovativn\u00ed vzd\u011bl\u00e1v\u00e1n\u00ed.<\/p>\n<p style=\"text-align: center;\">Spolufinancov\u00e1no Evropskou uni\u00ed.<\/p>\n<p>&nbsp;<\/p>\n<p>&nbsp;<\/p>\n<p style=\"text-align: center;\">Na\u0161e \u0161kola realizuje projekt na podporu vzd\u011bl\u00e1v\u00e1n\u00ed student\u016f a pedagogick\u00fdch pracovn\u00edk\u016f \u0161koly\u00a0\u2013 \u201ePodpora v\u00fduky na S\u0160 Gellnerka\u201c, reg. \u010d. CZ.02.02.XX\/00\/24_035\/0010034, podpo\u0159en\u00fd z\u00a0v\u00fdzvy \u010d. 02_24_035 pro \u0160ablony, Opera\u010dn\u00ed program Jan Amos Komensk\u00fd<\/p>\n<p style=\"text-align: center;\">Projekt je zam\u011b\u0159en na person\u00e1ln\u00ed podporu \u2013 karierov\u00fd poradce, vzd\u011bl\u00e1v\u00e1n\u00ed pedagogick\u00fdch pracovn\u00edk\u016f, inovativn\u00ed vzd\u011bl\u00e1v\u00e1n\u00ed<\/p>\n<p style=\"text-align: center;\">Spolufinancov\u00e1no Evropskou uni\u00ed<\/p>\n","protected":false},"excerpt":{"rendered":"<p>Na\u0161e \u0161kola realizuje projekt na podporu vzd\u011bl\u00e1v\u00e1n\u00ed student\u016f a pedagogick\u00fdch pracovn\u00edk\u016f \u0161koly \u2013 \u201ePodpora vzd\u011bl\u00e1v\u00e1n\u00ed na Gellnerce\u201c, reg. \u010d. CZ.02.02.XX\/00\/22_003\/0002231, podpo\u0159en\u00fd z v\u00fdzvy \u010d. 02_22_003 pro \u0160ablony, Opera\u010dn\u00ed program Jan Amos Komensk\u00fd. Projekt je zam\u011b\u0159en na person\u00e1ln\u00ed podporu \u2013 karierov\u00fd poradce, vzd\u011bl\u00e1v\u00e1n\u00ed pedagogick\u00fdch pracovn\u00edk\u016f, inovativn\u00ed vzd\u011bl\u00e1v\u00e1n\u00ed. Spolufinancov\u00e1no Evropskou uni\u00ed. &nbsp; &nbsp; Na\u0161e \u0161kola realizuje projekt &hellip;<\/p>\n<p class=\"read-more\"> <a class=\"\" href=\"https:\/\/sssou.gellnerka.cz\/subdom\/sssou\/operacni-program-jan-amos-komensky-jak\/\"> <span class=\"screen-reader-text\">Opera\u010dn\u00ed program Jan \u00c1mos Komensk\u00fd \u2013 JAK<\/span> Pokra\u010dovat ve \u010dten\u00ed &raquo;<\/a><\/p>\n","protected":false},"author":1,"featured_media":0,"parent":0,"menu_order":0,"comment_status":"closed","ping_status":"closed","template":"","meta":{"footnotes":""},"class_list":["post-1370","page","type-page","status-publish","hentry"],"_links":{"self":[{"href":"https:\/\/sssou.gellnerka.cz\/subdom\/sssou\/wp-json\/wp\/v2\/pages\/1370","targetHints":{"allow":["GET"]}}],"collection":[{"href":"https:\/\/sssou.gellnerka.cz\/subdom\/sssou\/wp-json\/wp\/v2\/pages"}],"about":[{"href":"https:\/\/sssou.gellnerka.cz\/subdom\/sssou\/wp-json\/wp\/v2\/types\/page"}],"author":[{"embeddable":true,"href":"https:\/\/sssou.gellnerka.cz\/subdom\/sssou\/wp-json\/wp\/v2\/users\/1"}],"replies":[{"embeddable":true,"href":"https:\/\/sssou.gellnerka.cz\/subdom\/sssou\/wp-json\/wp\/v2\/comments?post=1370"}],"version-history":[{"count":3,"href":"https:\/\/sssou.gellnerka.cz\/subdom\/sssou\/wp-json\/wp\/v2\/pages\/1370\/revisions"}],"predecessor-version":[{"id":2155,"href":"https:\/\/sssou.gellnerka.cz\/subdom\/sssou\/wp-json\/wp\/v2\/pages\/1370\/revisions\/2155"}],"wp:attachment":[{"href":"https:\/\/sssou.gellnerka.cz\/subdom\/sssou\/wp-json\/wp\/v2\/media?parent=1370"}],"curies":[{"name":"wp","href":"https:\/\/api.w.org\/{rel}","templated":true}]}}